{"id":40144,"date":"2016-05-06T18:01:23","date_gmt":"2016-05-06T16:01:23","guid":{"rendered":"http:\/\/novice.si\/page\/?page_id=40144"},"modified":"2026-01-28T14:12:27","modified_gmt":"2026-01-28T13:12:27","slug":"oglasevanje","status":"publish","type":"page","link":"https:\/\/novice.si\/page\/oglasevanje\/","title":{"rendered":"Ogla\u0161evanje"},"content":{"rendered":"<p>&nbsp;<\/p>\n<p class=\"p1\" style=\"text-align: center;\"><strong>CENIK OGLA\u0160EVANJE V NA\u0160IH MEDIJIH:<br \/>\n<\/strong><span style=\"color: #0000ff;\"><a style=\"color: #0000ff;\" href=\"https:\/\/novice.si\/page\/ceniki\/celjan.jpg\" data-gallery>* Cenik ogla\u0161evanja v Celjanu<\/a><\/span><strong><br \/>\n<\/strong><span style=\"color: #0000ff;\"><a style=\"color: #0000ff;\" href=\"https:\/\/novice.si\/page\/ceniki\/novice.jpg\" data-gallery>* Cenik ogla\u0161evanja v\u00a0Novicah<\/a><\/span><strong><br \/>\n<\/strong><span style=\"color: #0000ff;\"><a style=\"color: #0000ff;\" href=\"https:\/\/novice.si\/page\/ceniki\/rogaske.jpg\" data-gallery>* Cenik ogla\u0161evanja v Roga\u0161kih novicah<\/a><a style=\"color: #0000ff;\" href=\"http:\/\/www.novice.si\/wp-content\/uploads\/2014\/05\/Rogaske-cenik-01.jpg\" data-gallery><br \/>\n<\/a><span style=\"line-height: 1.5;\">* <a style=\"color: #0000ff;\" href=\"https:\/\/novice.si\/page\/ceniki\/bistriske.jpg\" data-gallery>Cenik ogla\u0161evanja v Bistri\u0161kih novicah<\/a><br \/>\n<\/span><\/span><span style=\"color: #0000ff;\"><span style=\"line-height: 1.5;\"><span style=\"color: #0000ff;\"><a style=\"color: #0000ff;\" href=\"https:\/\/novice.si\/page\/ceniki\/bistriske.jpg\" data-gallery>*\u00a0<\/a><a style=\"color: #0000ff;\" href=\"https:\/\/novice.si\/page\/ceniki\/savinjske.jpg\" data-gallery=\"\">Cenik ogla\u0161evanja v <span style=\"color: #0000ff;\">Savinjskih novicah<\/span><\/a><a style=\"color: #0000ff;\" href=\"https:\/\/novice.si\/page\/ceniki\/bistriske.jpg\" data-gallery><br \/>\n<\/a><\/span><a style=\"color: #0000ff;\" href=\"https:\/\/novice.si\/page\/ceniki\/radio_rogla.jpg\" data-gallery>* Cenik ogla\u0161evanja\u00a0na RADIU ROGLA<\/a><br \/>\n<a style=\"color: #0000ff;\" href=\"https:\/\/novice.si\/page\/ceniki\/radiorogla_paketnaponudba.pdf\">* Cenik ogla\u0161evanja na RADIU ROGLA \/ PAKETNA PONUDBA<\/a><br \/>\n<a style=\"color: #0000ff;\" href=\"https:\/\/novice.si\/page\/ceniki\/novice_si.jpg\" data-gallery>* Cenik ogla\u0161evanja na spletnem portalu NOVICE.SI (osnovni)<\/a><br \/>\n<a style=\"color: #0000ff;\" href=\"https:\/\/novice.si\/page\/ceniki\/novice_si-prekrivni.jpg\" data-gallery>* Cenik ogla\u0161evanja na spletnem portalu NOVICE.SI<\/a> (prekrivni oglas)<br \/>\n<\/span><\/span><\/p>\n<p class=\"p1\" style=\"text-align: center;\"><span style=\"color: #0000ff;\"><span style=\"line-height: 1.5;\"><span style=\"color: #000000;\"><strong>*** PAKETNA PONUDBA ***:<br \/>\n<\/strong><\/span><span style=\"color: #0000ff;\">* <a style=\"color: #0000ff;\" href=\"https:\/\/novice.si\/page\/ceniki\/paketni_cenik.jpg\" data-gallery>Paketna ponudba &#8211; 20% ceneje<\/a><\/span><\/span><\/span><\/p>\n<p class=\"p1\" style=\"text-align: center;\"><span style=\"color: #0000ff;\"><span style=\"line-height: 1.5;\"><br \/>\n<\/span><\/span><span style=\"color: #0000ff;\"><span style=\"line-height: 1.5;\"><span style=\"color: #000000;\"><strong>*** POSEBNE PONUDBE in VELIKE NAKLADE***:<br \/>\n<\/strong><\/span><\/span><a style=\"color: #0000ff;\" href=\"https:\/\/novice.si\/page\/wp-content\/uploads\/2026\/01\/POMLADNA-priloga-ponudba-2026.jpg\" target=\"_blank\" rel=\"noopener\" data-gallery>* PRILOGA &#8216;POMLADNA \u0160TAJERSKA 2026&#8217; <\/a><\/span><br \/>\n<span style=\"color: #0000ff;\"><a style=\"color: #0000ff;\" href=\"https:\/\/novice.si\/page\/wp-content\/uploads\/2026\/01\/GOSPODARSKA-PRILOGA-Gospodarski-CELJAN-2026.jpg\" data-gallery>* PRILOGA &#8216;GOSPODARSKI CELJAN 2026&#8217;<\/a><br \/>\n* <a style=\"color: #0000ff;\" href=\"https:\/\/novice.si\/page\/wp-content\/uploads\/2026\/01\/PRAZNICNA-stajerska-dec-2026.jpg\" target=\"_blank\" rel=\"noopener\" data-gallery>PRILOGA PRAZNI\u010cNA \u0160TAJERSKA (december 2026)<\/a><\/span><br \/>\n<span style=\"color: #0000ff;\">* <a style=\"color: #0000ff;\" href=\"https:\/\/novice.si\/page\/wp-content\/uploads\/2026\/01\/PONUDBA-INFORMATIVNI-DNEVI-vsi-2026-scaled.jpg\" target=\"_blank\" rel=\"noopener\" data-gallery>INFORMATIVNI DNEVI 2026<\/a><\/span><br \/>\n<span style=\"color: #0000ff;\">* <a style=\"color: #0000ff;\" href=\"https:\/\/novice.si\/page\/wp-content\/uploads\/2026\/01\/PONUDBA-PRILOGA-mestna-obcina-celje-2026.jpg\" target=\"_blank\" rel=\"noopener\" data-gallery>CELJE, VSE NAJBOLJ\u0160E 2026<\/a><\/span><br \/>\n<span style=\"color: #0000ff;\">* <a style=\"color: #0000ff;\" href=\"https:\/\/novice.si\/page\/wp-content\/uploads\/2026\/01\/PRAZNICNI-CELJAN-dec-2026.jpg\" target=\"_blank\" rel=\"noopener\" data-gallery>PRAZNICNI CELJAN<\/a><\/span><br \/>\n<span style=\"color: #0000ff;\">*\u00a0<a style=\"color: #0000ff;\" href=\"https:\/\/novice.si\/page\/wp-content\/uploads\/2026\/01\/Bistriske-Novice-13-oktober-2026.jpg\" target=\"_blank\" rel=\"noopener\" data-gallery>Bistri\u0161ke Novice &#8211; 13. oktober 2026\u00a0<\/a><\/span><br \/>\n<span style=\"color: #0000ff;\">* <a style=\"color: #0000ff;\" href=\"https:\/\/novice.si\/page\/wp-content\/uploads\/2026\/01\/Novice-2-april-2026.jpg\" target=\"_blank\" rel=\"noopener\" data-gallery>Novice &#8211; 2. april 2026<\/a><br \/>\n<\/span><span style=\"color: #0000ff;\">* <a style=\"color: #0000ff;\" href=\"https:\/\/novice.si\/page\/wp-content\/uploads\/2026\/01\/Novice-22-oktober-2026-3.jpg\" target=\"_blank\" rel=\"noopener\" data-gallery>Novice &#8211; 22. oktober 2026<\/a><\/span><span style=\"color: #0000ff;\"><br \/>\n<\/span><span style=\"color: #0000ff;\">* <a style=\"color: #0000ff;\" href=\"https:\/\/novice.si\/page\/wp-content\/uploads\/2026\/01\/Rogaske-novice-12.-november-2026.jpg\" target=\"_blank\" rel=\"noopener\" data-gallery>Roga\u0161ke novice &#8211; 12. november 2026<\/a><\/span><br \/>\n<span style=\"color: #0000ff;\">* <a style=\"color: #0000ff;\" href=\"https:\/\/novice.si\/page\/wp-content\/uploads\/2026\/01\/Rogaske-novice-21.-maja-2026.jpg\" target=\"_blank\" rel=\"noopener\" data-gallery>Roga\u0161ke novice &#8211; 21. maj 2026<\/a><\/span><\/p>\n<p>&nbsp;<\/p>\n<p>&nbsp;<\/p>\n<hr \/>\n<p class=\"p1\" style=\"text-align: center;\"><strong><span class=\"s1\">Na\u0161i prodajniki:<\/span><\/strong><\/p>\n<p class=\"p4\" style=\"text-align: center;\"><span class=\"s3\">Peter Klima <span class=\"s4\"><a href=\"mailto:peter.klima@novice.si\">peter.klima@novice.si<\/a><br \/>\n<\/span><\/span>Alenka Vodu\u0161ek <span class=\"s4\"><a href=\"mailto:alenka.vodusek@radiorogla.si\">alenka.vodusek@radiorogla.si<br \/>\n<\/a><\/span>Karmen Cvirn\u00a0 <a href=\"mailto:karmen.cvirn@rogaskenovice.si\">karmen.cvirn@rogaskenovice.si<\/a><br \/>\nJasna Ga\u010dnikar <span class=\"s4\"><a href=\"mailto:jasna.gacnikar@novice.si\">jasna.gacnikar@novice.si<br \/>\n<\/a>Kristina Petrej <a href=\"mailto:kristina.petrej@novice.si\">kristina.petrej@novice.si<\/a><br \/>\n<\/span>Laura Vre\u010dko <a href=\"mailto:laura.vrecko@novice.si\">laura.vrecko@novice.si<\/a><span class=\"s4\"><a href=\"mailto:ludvik.kovse@novice.si\"><br \/>\n<\/a><\/span>Ana \u017dgajner <a href=\"mailto:ana.zgajner@novice.si\"><span data-olk-copy-source=\"MessageBody\">ana.zgajner@novice.si<\/span><\/a><br \/>\nMojca Jane\u017ei\u010d\u00a0 <a href=\"mailto:mojca.janezic@novice.si\">mojca.janezic@novice.si<br \/>\n<\/a>Vesna Leji\u010d Mlakar <a href=\"mailto:vesna.lejic@celjan.si\">vesna.lejic@celjan.si<\/a><\/p>\n<p>&nbsp;<\/p>\n","protected":false},"excerpt":{"rendered":"<p>&nbsp; CENIK OGLA\u0160EVANJE V NA\u0160IH MEDIJIH: * Cenik ogla\u0161evanja v Celjanu * Cenik ogla\u0161evanja v\u00a0Novicah * Cenik ogla\u0161evanja v Roga\u0161kih novicah * Cenik ogla\u0161evanja v Bistri\u0161kih novicah *\u00a0Cenik ogla\u0161evanja v Savinjskih novicah * Cenik ogla\u0161evanja\u00a0na RADIU ROGLA * Cenik ogla\u0161evanja na RADIU ROGLA \/ PAKETNA PONUDBA * Cenik ogla\u0161evanja na spletnem portalu NOVICE.SI (osnovni) * [&hellip;]<\/p>\n","protected":false},"author":12,"featured_media":0,"parent":0,"menu_order":0,"comment_status":"closed","ping_status":"closed","template":"","meta":{"footnotes":""},"class_list":["post-40144","page","type-page","status-publish"],"yoast_head":"<!-- This site is optimized with the Yoast SEO plugin v27.6 - https:\/\/yoast.com\/product\/yoast-seo-wordpress\/ -->\n<title>Ogla\u0161evanje - Novice.si<\/title>\n<meta name=\"robots\" content=\"index, follow, max-snippet:-1, max-image-preview:large, max-video-preview:-1\" \/>\n<link rel=\"canonical\" href=\"https:\/\/novice.si\/page\/oglasevanje\/\" \/>\n<meta property=\"og:locale\" content=\"sl_SI\" \/>\n<meta property=\"og:type\" content=\"article\" \/>\n<meta property=\"og:title\" content=\"Ogla\u0161evanje - Novice.si\" \/>\n<meta property=\"og:description\" content=\"&nbsp; CENIK OGLA\u0160EVANJE V NA\u0160IH MEDIJIH: * Cenik ogla\u0161evanja v Celjanu * Cenik ogla\u0161evanja v\u00a0Novicah * Cenik ogla\u0161evanja v Roga\u0161kih novicah * Cenik ogla\u0161evanja v Bistri\u0161kih novicah *\u00a0Cenik ogla\u0161evanja v Savinjskih novicah * Cenik ogla\u0161evanja\u00a0na RADIU ROGLA * Cenik ogla\u0161evanja na RADIU ROGLA \/ PAKETNA PONUDBA * Cenik ogla\u0161evanja na spletnem portalu NOVICE.SI (osnovni) * [&hellip;]\" \/>\n<meta property=\"og:url\" content=\"https:\/\/novice.si\/page\/oglasevanje\/\" \/>\n<meta property=\"og:site_name\" content=\"Novice.si\" \/>\n<meta property=\"article:modified_time\" content=\"2026-01-28T13:12:27+00:00\" \/>\n<meta property=\"og:image\" content=\"https:\/\/novice.si\/page\/wp-content\/uploads\/2023\/03\/novice_si.png\" \/>\n\t<meta property=\"og:image:width\" content=\"576\" \/>\n\t<meta property=\"og:image:height\" content=\"200\" \/>\n\t<meta property=\"og:image:type\" content=\"image\/png\" \/>\n<meta name=\"twitter:card\" content=\"summary_large_image\" \/>\n<meta name=\"twitter:label1\" content=\"Est. reading time\" \/>\n\t<meta name=\"twitter:data1\" content=\"1 minuta\" \/>\n<script type=\"application\/ld+json\" class=\"yoast-schema-graph\">{\"@context\":\"https:\\\/\\\/schema.org\",\"@graph\":[{\"@type\":\"WebPage\",\"@id\":\"https:\\\/\\\/novice.si\\\/page\\\/oglasevanje\\\/\",\"url\":\"https:\\\/\\\/novice.si\\\/page\\\/oglasevanje\\\/\",\"name\":\"Ogla\u0161evanje - Novice.si\",\"isPartOf\":{\"@id\":\"https:\\\/\\\/novice.si\\\/page\\\/#website\"},\"datePublished\":\"2016-05-06T16:01:23+00:00\",\"dateModified\":\"2026-01-28T13:12:27+00:00\",\"breadcrumb\":{\"@id\":\"https:\\\/\\\/novice.si\\\/page\\\/oglasevanje\\\/#breadcrumb\"},\"inLanguage\":\"sl-SI\",\"potentialAction\":[{\"@type\":\"ReadAction\",\"target\":[\"https:\\\/\\\/novice.si\\\/page\\\/oglasevanje\\\/\"]}]},{\"@type\":\"BreadcrumbList\",\"@id\":\"https:\\\/\\\/novice.si\\\/page\\\/oglasevanje\\\/#breadcrumb\",\"itemListElement\":[{\"@type\":\"ListItem\",\"position\":1,\"name\":\"Home\",\"item\":\"https:\\\/\\\/novice.si\\\/page\\\/\"},{\"@type\":\"ListItem\",\"position\":2,\"name\":\"Ogla\u0161evanje\"}]},{\"@type\":\"WebSite\",\"@id\":\"https:\\\/\\\/novice.si\\\/page\\\/#website\",\"url\":\"https:\\\/\\\/novice.si\\\/page\\\/\",\"name\":\"Novice.si\",\"description\":\"\",\"publisher\":{\"@id\":\"https:\\\/\\\/novice.si\\\/page\\\/#organization\"},\"potentialAction\":[{\"@type\":\"SearchAction\",\"target\":{\"@type\":\"EntryPoint\",\"urlTemplate\":\"https:\\\/\\\/novice.si\\\/page\\\/?s={search_term_string}\"},\"query-input\":{\"@type\":\"PropertyValueSpecification\",\"valueRequired\":true,\"valueName\":\"search_term_string\"}}],\"inLanguage\":\"sl-SI\"},{\"@type\":\"Organization\",\"@id\":\"https:\\\/\\\/novice.si\\\/page\\\/#organization\",\"name\":\"Novice.si\",\"url\":\"https:\\\/\\\/novice.si\\\/page\\\/\",\"logo\":{\"@type\":\"ImageObject\",\"inLanguage\":\"sl-SI\",\"@id\":\"https:\\\/\\\/novice.si\\\/page\\\/#\\\/schema\\\/logo\\\/image\\\/\",\"url\":\"https:\\\/\\\/novice.si\\\/page\\\/wp-content\\\/uploads\\\/2023\\\/03\\\/novice_si.png\",\"contentUrl\":\"https:\\\/\\\/novice.si\\\/page\\\/wp-content\\\/uploads\\\/2023\\\/03\\\/novice_si.png\",\"width\":576,\"height\":200,\"caption\":\"Novice.si\"},\"image\":{\"@id\":\"https:\\\/\\\/novice.si\\\/page\\\/#\\\/schema\\\/logo\\\/image\\\/\"}}]}<\/script>\n<!-- \/ Yoast SEO plugin. -->","yoast_head_json":{"title":"Ogla\u0161evanje - Novice.si","robots":{"index":"index","follow":"follow","max-snippet":"max-snippet:-1","max-image-preview":"max-image-preview:large","max-video-preview":"max-video-preview:-1"},"canonical":"https:\/\/novice.si\/page\/oglasevanje\/","og_locale":"sl_SI","og_type":"article","og_title":"Ogla\u0161evanje - Novice.si","og_description":"&nbsp; CENIK OGLA\u0160EVANJE V NA\u0160IH MEDIJIH: * Cenik ogla\u0161evanja v Celjanu * Cenik ogla\u0161evanja v\u00a0Novicah * Cenik ogla\u0161evanja v Roga\u0161kih novicah * Cenik ogla\u0161evanja v Bistri\u0161kih novicah *\u00a0Cenik ogla\u0161evanja v Savinjskih novicah * Cenik ogla\u0161evanja\u00a0na RADIU ROGLA * Cenik ogla\u0161evanja na RADIU ROGLA \/ PAKETNA PONUDBA * Cenik ogla\u0161evanja na spletnem portalu NOVICE.SI (osnovni) * [&hellip;]","og_url":"https:\/\/novice.si\/page\/oglasevanje\/","og_site_name":"Novice.si","article_modified_time":"2026-01-28T13:12:27+00:00","og_image":[{"width":576,"height":200,"url":"https:\/\/novice.si\/page\/wp-content\/uploads\/2023\/03\/novice_si.png","type":"image\/png"}],"twitter_card":"summary_large_image","twitter_misc":{"Est. reading time":"1 minuta"},"schema":{"@context":"https:\/\/schema.org","@graph":[{"@type":"WebPage","@id":"https:\/\/novice.si\/page\/oglasevanje\/","url":"https:\/\/novice.si\/page\/oglasevanje\/","name":"Ogla\u0161evanje - Novice.si","isPartOf":{"@id":"https:\/\/novice.si\/page\/#website"},"datePublished":"2016-05-06T16:01:23+00:00","dateModified":"2026-01-28T13:12:27+00:00","breadcrumb":{"@id":"https:\/\/novice.si\/page\/oglasevanje\/#breadcrumb"},"inLanguage":"sl-SI","potentialAction":[{"@type":"ReadAction","target":["https:\/\/novice.si\/page\/oglasevanje\/"]}]},{"@type":"BreadcrumbList","@id":"https:\/\/novice.si\/page\/oglasevanje\/#breadcrumb","itemListElement":[{"@type":"ListItem","position":1,"name":"Home","item":"https:\/\/novice.si\/page\/"},{"@type":"ListItem","position":2,"name":"Ogla\u0161evanje"}]},{"@type":"WebSite","@id":"https:\/\/novice.si\/page\/#website","url":"https:\/\/novice.si\/page\/","name":"Novice.si","description":"","publisher":{"@id":"https:\/\/novice.si\/page\/#organization"},"potentialAction":[{"@type":"SearchAction","target":{"@type":"EntryPoint","urlTemplate":"https:\/\/novice.si\/page\/?s={search_term_string}"},"query-input":{"@type":"PropertyValueSpecification","valueRequired":true,"valueName":"search_term_string"}}],"inLanguage":"sl-SI"},{"@type":"Organization","@id":"https:\/\/novice.si\/page\/#organization","name":"Novice.si","url":"https:\/\/novice.si\/page\/","logo":{"@type":"ImageObject","inLanguage":"sl-SI","@id":"https:\/\/novice.si\/page\/#\/schema\/logo\/image\/","url":"https:\/\/novice.si\/page\/wp-content\/uploads\/2023\/03\/novice_si.png","contentUrl":"https:\/\/novice.si\/page\/wp-content\/uploads\/2023\/03\/novice_si.png","width":576,"height":200,"caption":"Novice.si"},"image":{"@id":"https:\/\/novice.si\/page\/#\/schema\/logo\/image\/"}}]}},"_links":{"self":[{"href":"https:\/\/novice.si\/page\/wp-json\/wp\/v2\/pages\/40144","targetHints":{"allow":["GET"]}}],"collection":[{"href":"https:\/\/novice.si\/page\/wp-json\/wp\/v2\/pages"}],"about":[{"href":"https:\/\/novice.si\/page\/wp-json\/wp\/v2\/types\/page"}],"author":[{"embeddable":true,"href":"https:\/\/novice.si\/page\/wp-json\/wp\/v2\/users\/12"}],"replies":[{"embeddable":true,"href":"https:\/\/novice.si\/page\/wp-json\/wp\/v2\/comments?post=40144"}],"version-history":[{"count":18,"href":"https:\/\/novice.si\/page\/wp-json\/wp\/v2\/pages\/40144\/revisions"}],"predecessor-version":[{"id":197256,"href":"https:\/\/novice.si\/page\/wp-json\/wp\/v2\/pages\/40144\/revisions\/197256"}],"wp:attachment":[{"href":"https:\/\/novice.si\/page\/wp-json\/wp\/v2\/media?parent=40144"}],"curies":[{"name":"wp","href":"https:\/\/api.w.org\/{rel}","templated":true}]}}