{"id":1679,"date":"2014-07-22T12:39:41","date_gmt":"2014-07-22T10:39:41","guid":{"rendered":"http:\/\/www.novice.si\/?page_id=1679"},"modified":"2026-01-05T09:16:39","modified_gmt":"2026-01-05T08:16:39","slug":"narocilnica","status":"publish","type":"page","link":"https:\/\/novice.si\/page\/narocilnica\/","title":{"rendered":"Naro\u010di \u010dasopis"},"content":{"rendered":"<div id=\"tdi_1\" class=\"tdc-zone\"><div class=\"tdc_zone tdi_2  wpb_row td-pb-row\"  >\n<style scoped>\n\/* custom css - generated by TagDiv Composer *\/\n\n\/* custom css - generated by TagDiv Composer *\/\n.tdi_2{\r\n                    min-height: 0;\r\n                }\n<\/style><div id=\"tdi_3\" class=\"tdc-row\"><div class=\"vc_row tdi_4  wpb_row td-pb-row\" >\n<style scoped>\n\/* custom css - generated by TagDiv Composer *\/\n\n\/* custom css - generated by TagDiv Composer *\/\n.tdi_4,\r\n                .tdi_4 .tdc-columns{\r\n                    min-height: 0;\r\n                }.tdi_4,\r\n\t\t\t\t.tdi_4 .tdc-columns{\r\n\t\t\t\t    display: block;\r\n\t\t\t\t}.tdi_4 .tdc-columns{\r\n\t\t\t\t    width: 100%;\r\n\t\t\t\t}.tdi_4:before,\r\n\t\t\t\t.tdi_4:after{\r\n\t\t\t\t    display: table;\r\n\t\t\t\t}\n<\/style><div class=\"vc_column vc_custom_1457026507058 tdi_6  wpb_column vc_column_container tdc-column td-pb-span12\">\n<style scoped>\n\/* custom css - generated by TagDiv Composer *\/\n\n\/* tdc_composer_block - inline css att *\/\n.vc_custom_1457026507058{margin-right: 20px !important;margin-left: 20px !important;border-right-width: 20px !important;border-left-width: 20px !important;padding-right: 20px !important;padding-left: 20px !important;}\n\/* custom css - generated by TagDiv Composer *\/\n.tdi_6{\r\n                    vertical-align: baseline;\r\n                }.tdi_6 > .wpb_wrapper,\r\n\t\t\t\t.tdi_6 > .wpb_wrapper > .tdc-elements{\r\n\t\t\t\t    display: block;\r\n\t\t\t\t}.tdi_6 > .wpb_wrapper > .tdc-elements{\r\n\t\t\t\t    width: 100%;\r\n\t\t\t\t}.tdi_6 > .wpb_wrapper > .vc_row_inner{\r\n\t\t\t\t    width: auto;\r\n\t\t\t\t}.tdi_6 > .wpb_wrapper{\r\n\t\t\t\t    width: auto;\r\n\t\t\t\t    height: auto;\r\n\t\t\t\t}\n<\/style><div class=\"wpb_wrapper\" ><div class=\"wpb_wrapper wpb_text_column td_block_wrap td_block_wrap vc_column_text tdi_7  tagdiv-type td-pb-border-top td_block_template_1\"  data-td-block-uid=\"tdi_7\" >\n<style>\n\/* custom css - generated by TagDiv Composer *\/\n.vc_column_text > .td-element-style{\r\n\t\t\t\t\tz-index: -1;\r\n\t\t\t\t}\n<\/style><div class=\"td-fix-index\"><p>Cena tedenskih \u010dasopisov (Celjan, Novice in Roga\u0161ke novice) je 3,20 evra, cena mese\u010dnika Bistri\u0161ke novice zna\u0161a 3,40 evra, Savinjske novice pa 2,50 evra za posamezen izvod.<\/p>\n<\/div><\/div><div class=\"td_block_wrap td_block_text_with_title tdi_8 tagdiv-type td-pb-border-top td_block_template_1\"  data-td-block-uid=\"tdi_8\" >\n<style>\n\/* custom css - generated by TagDiv Composer *\/\n.td_block_text_with_title{\r\n                  margin-bottom: 44px;\r\n                  -webkit-transform: translateZ(0);\r\n                  transform: translateZ(0);\r\n                }.td_block_text_with_title p:last-child{\r\n                  margin-bottom: 0;\r\n                }\n<\/style><div class=\"td-block-title-wrap\"><\/div><div class=\"td_mod_wrap td-fix-index\">\n                <div class='gf_browser_gecko gform_wrapper' id='gform_wrapper_1' ><form method='post' enctype='multipart\/form-data'  id='gform_1'  action='\/page\/wp-json\/wp\/v2\/pages\/1679'>\n                        <div class='gform_heading'>\n                            <span class='gform_description'><\/span>\n                        <\/div>\n                        <div class='gform_body'>\n                            <ul id='gform_fields_1' class='gform_fields top_label description_below'><li id='field_1_11' class='gfield               gfield_contains_required' ><label class='gfield_label'>Izberite \u010dasopis:<span class='gfield_required'>*<\/span><\/label><div class='ginput_container'><ul class='gfield_checkbox' id='input_1_11'><li class='gchoice_11_1'><input name='input_11.1' type='checkbox'  value='Novice'  id='choice_11_1' tabindex='1'  \/><label for='choice_11_1'>Novice<\/label><\/li><li class='gchoice_11_2'><input name='input_11.2' type='checkbox'  value='Celjan'  id='choice_11_2' tabindex='2'  \/><label for='choice_11_2'>Celjan<\/label><\/li><li class='gchoice_11_3'><input name='input_11.3' type='checkbox'  value='Roga\u0161ke novice'  id='choice_11_3' tabindex='3'  \/><label for='choice_11_3'>Roga\u0161ke novice<\/label><\/li><li class='gchoice_11_4'><input name='input_11.4' type='checkbox'  value='Bistri\u0161ke novice'  id='choice_11_4' tabindex='4'  \/><label for='choice_11_4'>Bistri\u0161ke novice<\/label><\/li><li class='gchoice_11_5'><input name='input_11.5' type='checkbox'  value='Savinjske novice'  id='choice_11_5' tabindex='5'  \/><label for='choice_11_5'>Savinjske novice<\/label><\/li><\/ul><\/div><\/li><li id='field_1_13' class='gfield' ><label class='gfield_label'>Polo\u017enico \u017eelim poravnati<\/label><div class='ginput_container'><ul class='gfield_radio' id='input_1_13'><li class='gchoice_13_0'><input name='input_13' type='radio' value='Dvomese\u010dno'  id='choice_13_0' tabindex='6'    \/><label for='choice_13_0'>Dvomese\u010dno<\/label><\/li><li class='gchoice_13_1'><input name='input_13' type='radio' value='Polletno'  id='choice_13_1' tabindex='7'    \/><label for='choice_13_1'>Polletno<\/label><\/li><li class='gchoice_13_2'><input name='input_13' type='radio' value='Letno'  id='choice_13_2' tabindex='8'    \/><label for='choice_13_2'>Letno<\/label><\/li><\/ul><\/div><\/li><li id='field_1_2' class='gfield  gsection' ><h2 class='gsection_title'>Vnesite osebne podatke<\/h2><\/li><li id='field_1_15' class='gfield               gfield_contains_required' ><label class='gfield_label' for='input_1_15'>Ime in priimek<span class='gfield_required'>*<\/span><\/label><div class='ginput_container'><input name='input_15' id='input_1_15' type='text' value='' class='medium'  tabindex='9'   \/><\/div><\/li><li id='field_1_3' class='gfield   field_admin_only            gfield_contains_required' ><input name='input_3.3' class='gform_hidden' type='hidden' value=''\/><input name='input_3.6' class='gform_hidden' type='hidden' value=''\/><\/li><li id='field_1_5' class='gfield               gfield_contains_required' ><label class='gfield_label' for='input_1_5'>Ulica in hi\u0161na \u0161tevilka<span class='gfield_required'>*<\/span><\/label><div class='ginput_container'><input name='input_5' id='input_1_5' type='text' value='' class='medium'  tabindex='10'   \/><\/div><\/li><li id='field_1_6' class='gfield               gfield_contains_required' ><label class='gfield_label' for='input_1_6'>Kraj in po\u0161tna \u0161tevilka<span class='gfield_required'>*<\/span><\/label><div class='ginput_container'><input name='input_6' id='input_1_6' type='text' value='' class='medium'  tabindex='11'   \/><\/div><\/li><li id='field_1_14' class='gfield               gfield_contains_required' ><label class='gfield_label' for='input_1_14'>Dav\u010dna \u0161tevilka<span class='gfield_required'>*<\/span><\/label><div class='ginput_container'><input name='input_14' id='input_1_14' type='text' value='' class='medium'  tabindex='12'   \/><\/div><\/li><li id='field_1_7' class='gfield               gfield_contains_required' ><label class='gfield_label' for='input_1_7'>Elektronski naslov<span class='gfield_required'>*<\/span><\/label><div class='ginput_container'><input name='input_7' id='input_1_7' type='text' value='' class='medium'  tabindex='13'   \/><\/div><\/li><li id='field_1_8' class='gfield               gfield_contains_required' ><label class='gfield_label' for='input_1_8'>Telefon<span class='gfield_required'>*<\/span><\/label><div class='ginput_container'><input name='input_8' id='input_1_8' type='text' value='' class='medium' tabindex='14'  \/><\/div><\/li><li id='field_1_9' class='gfield               gfield_contains_required' ><label class='gfield_label'>GDPR in osebni podatki<span class='gfield_required'>*<\/span><\/label><div class='ginput_container'><ul class='gfield_checkbox' id='input_1_9'><li class='gchoice_9_1'><input name='input_9.1' type='checkbox'  value='Z izpolnitvijo in podpisom ter posredovanjem obrazca\/kupon\u010dka potrjujem, da sem seznanjen in se strinjam s Splo\u0161nimi pogoji uporabe organizatorja glede varstva potro\u0161nikov in glede varstva osebnih podatkov, ki so mi bili predhodno dani na razpolago. Navedeni Splo\u0161ni pogoji organizatorja \u0161tejejo kot zavezujo\u010da dolo\u010dila glede varstva potro\u0161nikov in glede varstva osebnih podatkov.'  id='choice_9_1' tabindex='15'  \/><label for='choice_9_1'>Z izpolnitvijo in podpisom ter posredovanjem obrazca\/kupon\u010dka potrjujem, da sem seznanjen in se strinjam s Splo\u0161nimi pogoji uporabe organizatorja glede varstva potro\u0161nikov in glede varstva osebnih podatkov, ki so mi bili predhodno dani na razpolago. Navedeni Splo\u0161ni pogoji organizatorja \u0161tejejo kot zavezujo\u010da dolo\u010dila glede varstva potro\u0161nikov in glede varstva osebnih podatkov.<\/label><\/li><\/ul><\/div><\/li>\n                            <\/ul><\/div>\n        <div class='gform_footer top_label'> <input type='submit' id='gform_submit_button_1' class='button gform_button' value='Naro\u010di \u010dasopis' tabindex='16' onclick='if(window[\"gf_submitting_1\"]){return false;}  window[\"gf_submitting_1\"]=true; '\/>\n            <input type='hidden' class='gform_hidden' name='is_submit_1' value='1' \/>\n            <input type='hidden' class='gform_hidden' name='gform_submit' value='1' \/>\n            <input type='hidden' class='gform_hidden' name='gform_unique_id' value='' \/>\n            <input type='hidden' class='gform_hidden' name='state_1' value='WyJhOjA6e30iLCI4YjFhZTJjY2Q1NmIxZWMyODY2N2NjMTQ3OTE4OGM2OSJd' \/>\n            <input type='hidden' class='gform_hidden' name='gform_target_page_number_1' id='gform_target_page_number_1' value='0' \/>\n            <input type='hidden' class='gform_hidden' name='gform_source_page_number_1' id='gform_source_page_number_1' value='1' \/>\n            <input type='hidden' name='gform_field_values' value='' \/>\n            \n        <\/div>\n                        <\/form>\n                        <\/div><script type='text\/javascript'> jQuery(document).ready(function(){jQuery(document).trigger('gform_post_render', [1, 1]) } ); <\/script>\n<\/div><\/div><\/div><\/div><\/div><\/div><\/div><\/div>","protected":false},"excerpt":{"rendered":"","protected":false},"author":12,"featured_media":0,"parent":0,"menu_order":0,"comment_status":"open","ping_status":"open","template":"","meta":{"footnotes":""},"class_list":["post-1679","page","type-page","status-publish"],"yoast_head":"<!-- This site is optimized with the Yoast SEO plugin v27.6 - https:\/\/yoast.com\/product\/yoast-seo-wordpress\/ -->\n<title>Naro\u010dilnica za \u010dasopise!<\/title>\n<meta name=\"description\" content=\"Naro\u010di \u010dasopise Celjan, Bistri\u0161ke novice, Roga\u0161ke novice, Novice in \u0160entjurske novice.\" \/>\n<meta name=\"robots\" content=\"index, follow, max-snippet:-1, max-image-preview:large, max-video-preview:-1\" \/>\n<link rel=\"canonical\" href=\"https:\/\/novice.si\/page\/narocilnica\/\" \/>\n<meta property=\"og:locale\" content=\"sl_SI\" \/>\n<meta property=\"og:type\" content=\"article\" \/>\n<meta property=\"og:title\" content=\"Naro\u010dilnica za \u010dasopise!\" \/>\n<meta property=\"og:description\" content=\"Naro\u010di \u010dasopise Celjan, Bistri\u0161ke novice, Roga\u0161ke novice, Novice in \u0160entjurske novice.\" \/>\n<meta property=\"og:url\" content=\"https:\/\/novice.si\/page\/narocilnica\/\" \/>\n<meta property=\"og:site_name\" content=\"Novice.si\" \/>\n<meta property=\"article:modified_time\" content=\"2026-01-05T08:16:39+00:00\" \/>\n<meta property=\"og:image\" content=\"https:\/\/novice.si\/page\/wp-content\/uploads\/2023\/03\/novice_si.png\" \/>\n\t<meta property=\"og:image:width\" content=\"576\" \/>\n\t<meta property=\"og:image:height\" content=\"200\" \/>\n\t<meta property=\"og:image:type\" content=\"image\/png\" \/>\n<meta name=\"twitter:card\" content=\"summary_large_image\" \/>\n<meta name=\"twitter:label1\" content=\"Est. reading time\" \/>\n\t<meta name=\"twitter:data1\" content=\"1 minuta\" \/>\n<script type=\"application\/ld+json\" class=\"yoast-schema-graph\">{\"@context\":\"https:\\\/\\\/schema.org\",\"@graph\":[{\"@type\":\"WebPage\",\"@id\":\"https:\\\/\\\/novice.si\\\/page\\\/narocilnica\\\/\",\"url\":\"https:\\\/\\\/novice.si\\\/page\\\/narocilnica\\\/\",\"name\":\"Naro\u010dilnica za \u010dasopise!\",\"isPartOf\":{\"@id\":\"https:\\\/\\\/novice.si\\\/page\\\/#website\"},\"datePublished\":\"2014-07-22T10:39:41+00:00\",\"dateModified\":\"2026-01-05T08:16:39+00:00\",\"description\":\"Naro\u010di \u010dasopise Celjan, Bistri\u0161ke novice, Roga\u0161ke novice, Novice in \u0160entjurske novice.\",\"breadcrumb\":{\"@id\":\"https:\\\/\\\/novice.si\\\/page\\\/narocilnica\\\/#breadcrumb\"},\"inLanguage\":\"sl-SI\",\"potentialAction\":[{\"@type\":\"ReadAction\",\"target\":[\"https:\\\/\\\/novice.si\\\/page\\\/narocilnica\\\/\"]}]},{\"@type\":\"BreadcrumbList\",\"@id\":\"https:\\\/\\\/novice.si\\\/page\\\/narocilnica\\\/#breadcrumb\",\"itemListElement\":[{\"@type\":\"ListItem\",\"position\":1,\"name\":\"Home\",\"item\":\"https:\\\/\\\/novice.si\\\/page\\\/\"},{\"@type\":\"ListItem\",\"position\":2,\"name\":\"Naro\u010di \u010dasopis\"}]},{\"@type\":\"WebSite\",\"@id\":\"https:\\\/\\\/novice.si\\\/page\\\/#website\",\"url\":\"https:\\\/\\\/novice.si\\\/page\\\/\",\"name\":\"Novice.si\",\"description\":\"\",\"publisher\":{\"@id\":\"https:\\\/\\\/novice.si\\\/page\\\/#organization\"},\"potentialAction\":[{\"@type\":\"SearchAction\",\"target\":{\"@type\":\"EntryPoint\",\"urlTemplate\":\"https:\\\/\\\/novice.si\\\/page\\\/?s={search_term_string}\"},\"query-input\":{\"@type\":\"PropertyValueSpecification\",\"valueRequired\":true,\"valueName\":\"search_term_string\"}}],\"inLanguage\":\"sl-SI\"},{\"@type\":\"Organization\",\"@id\":\"https:\\\/\\\/novice.si\\\/page\\\/#organization\",\"name\":\"Novice.si\",\"url\":\"https:\\\/\\\/novice.si\\\/page\\\/\",\"logo\":{\"@type\":\"ImageObject\",\"inLanguage\":\"sl-SI\",\"@id\":\"https:\\\/\\\/novice.si\\\/page\\\/#\\\/schema\\\/logo\\\/image\\\/\",\"url\":\"https:\\\/\\\/novice.si\\\/page\\\/wp-content\\\/uploads\\\/2023\\\/03\\\/novice_si.png\",\"contentUrl\":\"https:\\\/\\\/novice.si\\\/page\\\/wp-content\\\/uploads\\\/2023\\\/03\\\/novice_si.png\",\"width\":576,\"height\":200,\"caption\":\"Novice.si\"},\"image\":{\"@id\":\"https:\\\/\\\/novice.si\\\/page\\\/#\\\/schema\\\/logo\\\/image\\\/\"}}]}<\/script>\n<!-- \/ Yoast SEO plugin. -->","yoast_head_json":{"title":"Naro\u010dilnica za \u010dasopise!","description":"Naro\u010di \u010dasopise Celjan, Bistri\u0161ke novice, Roga\u0161ke novice, Novice in \u0160entjurske novice.","robots":{"index":"index","follow":"follow","max-snippet":"max-snippet:-1","max-image-preview":"max-image-preview:large","max-video-preview":"max-video-preview:-1"},"canonical":"https:\/\/novice.si\/page\/narocilnica\/","og_locale":"sl_SI","og_type":"article","og_title":"Naro\u010dilnica za \u010dasopise!","og_description":"Naro\u010di \u010dasopise Celjan, Bistri\u0161ke novice, Roga\u0161ke novice, Novice in \u0160entjurske novice.","og_url":"https:\/\/novice.si\/page\/narocilnica\/","og_site_name":"Novice.si","article_modified_time":"2026-01-05T08:16:39+00:00","og_image":[{"width":576,"height":200,"url":"https:\/\/novice.si\/page\/wp-content\/uploads\/2023\/03\/novice_si.png","type":"image\/png"}],"twitter_card":"summary_large_image","twitter_misc":{"Est. reading time":"1 minuta"},"schema":{"@context":"https:\/\/schema.org","@graph":[{"@type":"WebPage","@id":"https:\/\/novice.si\/page\/narocilnica\/","url":"https:\/\/novice.si\/page\/narocilnica\/","name":"Naro\u010dilnica za \u010dasopise!","isPartOf":{"@id":"https:\/\/novice.si\/page\/#website"},"datePublished":"2014-07-22T10:39:41+00:00","dateModified":"2026-01-05T08:16:39+00:00","description":"Naro\u010di \u010dasopise Celjan, Bistri\u0161ke novice, Roga\u0161ke novice, Novice in \u0160entjurske novice.","breadcrumb":{"@id":"https:\/\/novice.si\/page\/narocilnica\/#breadcrumb"},"inLanguage":"sl-SI","potentialAction":[{"@type":"ReadAction","target":["https:\/\/novice.si\/page\/narocilnica\/"]}]},{"@type":"BreadcrumbList","@id":"https:\/\/novice.si\/page\/narocilnica\/#breadcrumb","itemListElement":[{"@type":"ListItem","position":1,"name":"Home","item":"https:\/\/novice.si\/page\/"},{"@type":"ListItem","position":2,"name":"Naro\u010di \u010dasopis"}]},{"@type":"WebSite","@id":"https:\/\/novice.si\/page\/#website","url":"https:\/\/novice.si\/page\/","name":"Novice.si","description":"","publisher":{"@id":"https:\/\/novice.si\/page\/#organization"},"potentialAction":[{"@type":"SearchAction","target":{"@type":"EntryPoint","urlTemplate":"https:\/\/novice.si\/page\/?s={search_term_string}"},"query-input":{"@type":"PropertyValueSpecification","valueRequired":true,"valueName":"search_term_string"}}],"inLanguage":"sl-SI"},{"@type":"Organization","@id":"https:\/\/novice.si\/page\/#organization","name":"Novice.si","url":"https:\/\/novice.si\/page\/","logo":{"@type":"ImageObject","inLanguage":"sl-SI","@id":"https:\/\/novice.si\/page\/#\/schema\/logo\/image\/","url":"https:\/\/novice.si\/page\/wp-content\/uploads\/2023\/03\/novice_si.png","contentUrl":"https:\/\/novice.si\/page\/wp-content\/uploads\/2023\/03\/novice_si.png","width":576,"height":200,"caption":"Novice.si"},"image":{"@id":"https:\/\/novice.si\/page\/#\/schema\/logo\/image\/"}}]}},"_links":{"self":[{"href":"https:\/\/novice.si\/page\/wp-json\/wp\/v2\/pages\/1679","targetHints":{"allow":["GET"]}}],"collection":[{"href":"https:\/\/novice.si\/page\/wp-json\/wp\/v2\/pages"}],"about":[{"href":"https:\/\/novice.si\/page\/wp-json\/wp\/v2\/types\/page"}],"author":[{"embeddable":true,"href":"https:\/\/novice.si\/page\/wp-json\/wp\/v2\/users\/12"}],"replies":[{"embeddable":true,"href":"https:\/\/novice.si\/page\/wp-json\/wp\/v2\/comments?post=1679"}],"version-history":[{"count":6,"href":"https:\/\/novice.si\/page\/wp-json\/wp\/v2\/pages\/1679\/revisions"}],"predecessor-version":[{"id":196258,"href":"https:\/\/novice.si\/page\/wp-json\/wp\/v2\/pages\/1679\/revisions\/196258"}],"wp:attachment":[{"href":"https:\/\/novice.si\/page\/wp-json\/wp\/v2\/media?parent=1679"}],"curies":[{"name":"wp","href":"https:\/\/api.w.org\/{rel}","templated":true}]}}