{"id":161161,"date":"2023-03-24T05:35:16","date_gmt":"2023-03-24T04:35:16","guid":{"rendered":"https:\/\/novice.si\/page\/?page_id=161161"},"modified":"2026-03-14T08:07:02","modified_gmt":"2026-03-14T07:07:02","slug":"narocniska-akcija","status":"publish","type":"page","link":"https:\/\/novice.si\/page\/narocniska-akcija\/","title":{"rendered":"Da, naro\u010dam moj lokalni \u010dasopis"},"content":{"rendered":"<p><img loading=\"lazy\" decoding=\"async\" class=\"alignnone size-full wp-image-199102\" src=\"https:\/\/novice.si\/page\/wp-content\/uploads\/2026\/03\/NOVI-narocniki-akcija-Jager-10-2026-SPLET-skupaj-835.jpg\" alt=\"\" width=\"835\" height=\"314\" srcset=\"https:\/\/novice.si\/page\/wp-content\/uploads\/2026\/03\/NOVI-narocniki-akcija-Jager-10-2026-SPLET-skupaj-835.jpg 835w, https:\/\/novice.si\/page\/wp-content\/uploads\/2026\/03\/NOVI-narocniki-akcija-Jager-10-2026-SPLET-skupaj-835-600x226.jpg 600w, https:\/\/novice.si\/page\/wp-content\/uploads\/2026\/03\/NOVI-narocniki-akcija-Jager-10-2026-SPLET-skupaj-835-768x289.jpg 768w, https:\/\/novice.si\/page\/wp-content\/uploads\/2026\/03\/NOVI-narocniki-akcija-Jager-10-2026-SPLET-skupaj-835-696x262.jpg 696w, https:\/\/novice.si\/page\/wp-content\/uploads\/2026\/03\/NOVI-narocniki-akcija-Jager-10-2026-SPLET-skupaj-835-24x9.jpg 24w, https:\/\/novice.si\/page\/wp-content\/uploads\/2026\/03\/NOVI-narocniki-akcija-Jager-10-2026-SPLET-skupaj-835-36x14.jpg 36w, https:\/\/novice.si\/page\/wp-content\/uploads\/2026\/03\/NOVI-narocniki-akcija-Jager-10-2026-SPLET-skupaj-835-48x18.jpg 48w\" sizes=\"auto, (max-width: 835px) 100vw, 835px\" \/><\/p>\n<p><strong>POSEBNA AKCIJA! *<\/strong><\/p>\n<p>Vsak novi naro\u010dnik va\u0161ega priljubljenega lokalnega \u010dasopisa <strong>prejme darilni bon<\/strong> trgovin JAGER, v vrednosti 20 evrov.<\/p>\n<p style=\"text-align: left;\">\n                <div class='gf_browser_gecko gform_wrapper' id='gform_wrapper_29' ><form method='post' enctype='multipart\/form-data'  id='gform_29'  action='\/page\/wp-json\/wp\/v2\/pages\/161161'>\n                        <div class='gform_heading'>\n                            <h3 class='gform_title'>NARO\u010cI \u010cASOPIS - pomladna akcija MAREC 2026<\/h3>\n                            <span class='gform_description'><\/span>\n                        <\/div>\n                        <div class='gform_body'>\n                            <ul id='gform_fields_29' class='gform_fields top_label description_below'><li id='field_29_11' class='gfield               gfield_contains_required' ><label class='gfield_label'>DA, naro\u010dam \u010dasopis in \u017eelim izkoristiti ugodnost bona (20 evrov) za:<span class='gfield_required'>*<\/span><\/label><div class='ginput_container'><ul class='gfield_checkbox' id='input_29_11'><li class='gchoice_11_1'><input name='input_11.1' type='checkbox'  value='Novice'  id='choice_11_1' tabindex='1'  \/><label for='choice_11_1'>Novice<\/label><\/li><li class='gchoice_11_2'><input name='input_11.2' type='checkbox'  value='Celjan'  id='choice_11_2' tabindex='2'  \/><label for='choice_11_2'>Celjan<\/label><\/li><li class='gchoice_11_3'><input name='input_11.3' type='checkbox'  value='Roga\u0161ke novice'  id='choice_11_3' tabindex='3'  \/><label for='choice_11_3'>Roga\u0161ke novice<\/label><\/li><li class='gchoice_11_4'><input name='input_11.4' type='checkbox'  value='Bistri\u0161ke novice'  id='choice_11_4' tabindex='4'  \/><label for='choice_11_4'>Bistri\u0161ke novice<\/label><\/li><li class='gchoice_11_5'><input name='input_11.5' type='checkbox'  value='Savinjske novice'  id='choice_11_5' tabindex='5'  \/><label for='choice_11_5'>Savinjske novice<\/label><\/li><\/ul><\/div><\/li><li id='field_29_13' class='gfield' ><label class='gfield_label'>Polo\u017enico \u017eelim poravnati<\/label><div class='ginput_container'><ul class='gfield_radio' id='input_29_13'><li class='gchoice_13_0'><input name='input_13' type='radio' value='Dvomese\u010dno'  id='choice_13_0' tabindex='6'    \/><label for='choice_13_0'>Dvomese\u010dno<\/label><\/li><li class='gchoice_13_1'><input name='input_13' type='radio' value='Polletno'  id='choice_13_1' tabindex='7'    \/><label for='choice_13_1'>Polletno<\/label><\/li><li class='gchoice_13_2'><input name='input_13' type='radio' value='Letno'  id='choice_13_2' tabindex='8'    \/><label for='choice_13_2'>Letno<\/label><\/li><\/ul><\/div><\/li><li id='field_29_2' class='gfield  gsection' ><h2 class='gsection_title'>Vnesite osebne podatke<\/h2><\/li><li id='field_29_16' class='gfield               gfield_contains_required' ><label class='gfield_label' for='input_29_16'>Ime in priimek<span class='gfield_required'>*<\/span><\/label><div class='ginput_container'><input name='input_16' id='input_29_16' type='text' value='' class='medium'  tabindex='9'   \/><\/div><\/li><li id='field_29_14' class='gfield               gfield_contains_required' ><label class='gfield_label' for='input_29_14'>Ulica in hi\u0161na \u0161tevilka<span class='gfield_required'>*<\/span><\/label><div class='ginput_container'><input name='input_14' id='input_29_14' type='text' value='' class='medium'  tabindex='10'   \/><\/div><\/li><li id='field_29_12' class='gfield               gfield_contains_required' ><label class='gfield_label' for='input_29_12'>Kraj in po\u0161tna \u0161tevilka<span class='gfield_required'>*<\/span><\/label><div class='ginput_container'><input name='input_12' id='input_29_12' type='text' value='' class='medium'  tabindex='11'   \/><\/div><\/li><li id='field_29_6' class='gfield               gfield_contains_required' ><label class='gfield_label' for='input_29_6'>Dav\u010dna \u0161tevilka<span class='gfield_required'>*<\/span><\/label><div class='ginput_container'><input name='input_6' id='input_29_6' type='text' value='' class='medium'  tabindex='12'   \/><\/div><\/li><li id='field_29_7' class='gfield               gfield_contains_required' ><label class='gfield_label' for='input_29_7'>Elektronski naslov<span class='gfield_required'>*<\/span><\/label><div class='ginput_container'><input name='input_7' id='input_29_7' type='text' value='' class='medium'  tabindex='13'   \/><\/div><\/li><li id='field_29_8' class='gfield               gfield_contains_required' ><label class='gfield_label' for='input_29_8'>Telefon<span class='gfield_required'>*<\/span><\/label><div class='ginput_container'><input name='input_8' id='input_29_8' type='text' value='' class='medium' tabindex='14'  \/><\/div><\/li><li id='field_29_9' class='gfield               gfield_contains_required' ><label class='gfield_label'>GDPR in osebni podatki<span class='gfield_required'>*<\/span><\/label><div class='ginput_container'><ul class='gfield_checkbox' id='input_29_9'><li class='gchoice_9_1'><input name='input_9.1' type='checkbox'  value='Z izpolnitvijo in podpisom ter posredovanjem obrazca\/kupon\u010dka potrjujem, da sem seznanjen in se strinjam s Splo\u0161nimi pogoji uporabe organizatorja glede varstva potro\u0161nikov in glede varstva osebnih podatkov, ki so mi bili predhodno dani na razpolago. Navedeni Splo\u0161ni pogoji organizatorja \u0161tejejo kot zavezujo\u010da dolo\u010dila glede varstva potro\u0161nikov in glede varstva osebnih podatkov.'  id='choice_9_1' tabindex='15'  \/><label for='choice_9_1'>Z izpolnitvijo in podpisom ter posredovanjem obrazca\/kupon\u010dka potrjujem, da sem seznanjen in se strinjam s Splo\u0161nimi pogoji uporabe organizatorja glede varstva potro\u0161nikov in glede varstva osebnih podatkov, ki so mi bili predhodno dani na razpolago. Navedeni Splo\u0161ni pogoji organizatorja \u0161tejejo kot zavezujo\u010da dolo\u010dila glede varstva potro\u0161nikov in glede varstva osebnih podatkov.<\/label><\/li><\/ul><\/div><\/li>\n                            <\/ul><\/div>\n        <div class='gform_footer top_label'> <input type='submit' id='gform_submit_button_29' class='button gform_button' value='Naro\u010di \u010dasopis' tabindex='16' onclick='if(window[\"gf_submitting_29\"]){return false;}  window[\"gf_submitting_29\"]=true; '\/>\n            <input type='hidden' class='gform_hidden' name='is_submit_29' value='1' \/>\n            <input type='hidden' class='gform_hidden' name='gform_submit' value='29' \/>\n            <input type='hidden' class='gform_hidden' name='gform_unique_id' value='' \/>\n            <input type='hidden' class='gform_hidden' name='state_29' value='WyJhOjA6e30iLCI4YjFhZTJjY2Q1NmIxZWMyODY2N2NjMTQ3OTE4OGM2OSJd' \/>\n            <input type='hidden' class='gform_hidden' name='gform_target_page_number_29' id='gform_target_page_number_29' value='0' \/>\n            <input type='hidden' class='gform_hidden' name='gform_source_page_number_29' id='gform_source_page_number_29' value='1' \/>\n            <input type='hidden' name='gform_field_values' value='' \/>\n            \n        <\/div>\n                        <\/form>\n                        <\/div><script type='text\/javascript'> jQuery(document).ready(function(){jQuery(document).trigger('gform_post_render', [29, 1]) } ); <\/script><\/p>\n<p><em>* posebna akcija velja do podelitve vseh bonov. \u0160tevilo je omejeno.\u00a0<\/em><\/p>\n","protected":false},"excerpt":{"rendered":"<p>POSEBNA AKCIJA! * Vsak novi naro\u010dnik va\u0161ega priljubljenega lokalnega \u010dasopisa prejme darilni bon trgovin JAGER, v vrednosti 20 evrov. * posebna akcija velja do podelitve vseh bonov. \u0160tevilo je omejeno.\u00a0<\/p>\n","protected":false},"author":12,"featured_media":0,"parent":0,"menu_order":0,"comment_status":"closed","ping_status":"closed","template":"","meta":{"footnotes":""},"class_list":["post-161161","page","type-page","status-publish"],"yoast_head":"<!-- This site is optimized with the Yoast SEO plugin v27.6 - https:\/\/yoast.com\/product\/yoast-seo-wordpress\/ -->\n<title>Da, naro\u010dam moj lokalni \u010dasopis - Novice.si<\/title>\n<meta name=\"robots\" content=\"index, follow, max-snippet:-1, max-image-preview:large, max-video-preview:-1\" \/>\n<link rel=\"canonical\" href=\"https:\/\/novice.si\/page\/narocniska-akcija\/\" \/>\n<meta property=\"og:locale\" content=\"sl_SI\" \/>\n<meta property=\"og:type\" content=\"article\" \/>\n<meta property=\"og:title\" content=\"Da, naro\u010dam moj lokalni \u010dasopis - Novice.si\" \/>\n<meta property=\"og:description\" content=\"POSEBNA AKCIJA! * Vsak novi naro\u010dnik va\u0161ega priljubljenega lokalnega \u010dasopisa prejme darilni bon trgovin JAGER, v vrednosti 20 evrov. * posebna akcija velja do podelitve vseh bonov. \u0160tevilo je omejeno.\u00a0\" \/>\n<meta property=\"og:url\" content=\"https:\/\/novice.si\/page\/narocniska-akcija\/\" \/>\n<meta property=\"og:site_name\" content=\"Novice.si\" \/>\n<meta property=\"article:modified_time\" content=\"2026-03-14T07:07:02+00:00\" \/>\n<meta property=\"og:image\" content=\"https:\/\/novice.si\/page\/wp-content\/uploads\/2026\/03\/NOVI-narocniki-akcija-Jager-10-2026-SPLET-skupaj-835.jpg\" \/>\n\t<meta property=\"og:image:width\" content=\"835\" \/>\n\t<meta property=\"og:image:height\" content=\"314\" \/>\n\t<meta property=\"og:image:type\" content=\"image\/jpeg\" \/>\n<meta name=\"twitter:card\" content=\"summary_large_image\" \/>\n<meta name=\"twitter:label1\" content=\"Est. reading time\" \/>\n\t<meta name=\"twitter:data1\" content=\"1 minuta\" \/>\n<script type=\"application\/ld+json\" class=\"yoast-schema-graph\">{\"@context\":\"https:\\\/\\\/schema.org\",\"@graph\":[{\"@type\":\"WebPage\",\"@id\":\"https:\\\/\\\/novice.si\\\/page\\\/narocniska-akcija\\\/\",\"url\":\"https:\\\/\\\/novice.si\\\/page\\\/narocniska-akcija\\\/\",\"name\":\"Da, naro\u010dam moj lokalni \u010dasopis - Novice.si\",\"isPartOf\":{\"@id\":\"https:\\\/\\\/novice.si\\\/page\\\/#website\"},\"primaryImageOfPage\":{\"@id\":\"https:\\\/\\\/novice.si\\\/page\\\/narocniska-akcija\\\/#primaryimage\"},\"image\":{\"@id\":\"https:\\\/\\\/novice.si\\\/page\\\/narocniska-akcija\\\/#primaryimage\"},\"thumbnailUrl\":\"https:\\\/\\\/novice.si\\\/page\\\/wp-content\\\/uploads\\\/2026\\\/03\\\/NOVI-narocniki-akcija-Jager-10-2026-SPLET-skupaj-835.jpg\",\"datePublished\":\"2023-03-24T04:35:16+00:00\",\"dateModified\":\"2026-03-14T07:07:02+00:00\",\"breadcrumb\":{\"@id\":\"https:\\\/\\\/novice.si\\\/page\\\/narocniska-akcija\\\/#breadcrumb\"},\"inLanguage\":\"sl-SI\",\"potentialAction\":[{\"@type\":\"ReadAction\",\"target\":[\"https:\\\/\\\/novice.si\\\/page\\\/narocniska-akcija\\\/\"]}]},{\"@type\":\"ImageObject\",\"inLanguage\":\"sl-SI\",\"@id\":\"https:\\\/\\\/novice.si\\\/page\\\/narocniska-akcija\\\/#primaryimage\",\"url\":\"https:\\\/\\\/novice.si\\\/page\\\/wp-content\\\/uploads\\\/2026\\\/03\\\/NOVI-narocniki-akcija-Jager-10-2026-SPLET-skupaj-835.jpg\",\"contentUrl\":\"https:\\\/\\\/novice.si\\\/page\\\/wp-content\\\/uploads\\\/2026\\\/03\\\/NOVI-narocniki-akcija-Jager-10-2026-SPLET-skupaj-835.jpg\",\"width\":835,\"height\":314},{\"@type\":\"BreadcrumbList\",\"@id\":\"https:\\\/\\\/novice.si\\\/page\\\/narocniska-akcija\\\/#breadcrumb\",\"itemListElement\":[{\"@type\":\"ListItem\",\"position\":1,\"name\":\"Home\",\"item\":\"https:\\\/\\\/novice.si\\\/page\\\/\"},{\"@type\":\"ListItem\",\"position\":2,\"name\":\"Da, naro\u010dam moj lokalni \u010dasopis\"}]},{\"@type\":\"WebSite\",\"@id\":\"https:\\\/\\\/novice.si\\\/page\\\/#website\",\"url\":\"https:\\\/\\\/novice.si\\\/page\\\/\",\"name\":\"Novice.si\",\"description\":\"\",\"publisher\":{\"@id\":\"https:\\\/\\\/novice.si\\\/page\\\/#organization\"},\"potentialAction\":[{\"@type\":\"SearchAction\",\"target\":{\"@type\":\"EntryPoint\",\"urlTemplate\":\"https:\\\/\\\/novice.si\\\/page\\\/?s={search_term_string}\"},\"query-input\":{\"@type\":\"PropertyValueSpecification\",\"valueRequired\":true,\"valueName\":\"search_term_string\"}}],\"inLanguage\":\"sl-SI\"},{\"@type\":\"Organization\",\"@id\":\"https:\\\/\\\/novice.si\\\/page\\\/#organization\",\"name\":\"Novice.si\",\"url\":\"https:\\\/\\\/novice.si\\\/page\\\/\",\"logo\":{\"@type\":\"ImageObject\",\"inLanguage\":\"sl-SI\",\"@id\":\"https:\\\/\\\/novice.si\\\/page\\\/#\\\/schema\\\/logo\\\/image\\\/\",\"url\":\"https:\\\/\\\/novice.si\\\/page\\\/wp-content\\\/uploads\\\/2023\\\/03\\\/novice_si.png\",\"contentUrl\":\"https:\\\/\\\/novice.si\\\/page\\\/wp-content\\\/uploads\\\/2023\\\/03\\\/novice_si.png\",\"width\":576,\"height\":200,\"caption\":\"Novice.si\"},\"image\":{\"@id\":\"https:\\\/\\\/novice.si\\\/page\\\/#\\\/schema\\\/logo\\\/image\\\/\"}}]}<\/script>\n<!-- \/ Yoast SEO plugin. -->","yoast_head_json":{"title":"Da, naro\u010dam moj lokalni \u010dasopis - Novice.si","robots":{"index":"index","follow":"follow","max-snippet":"max-snippet:-1","max-image-preview":"max-image-preview:large","max-video-preview":"max-video-preview:-1"},"canonical":"https:\/\/novice.si\/page\/narocniska-akcija\/","og_locale":"sl_SI","og_type":"article","og_title":"Da, naro\u010dam moj lokalni \u010dasopis - Novice.si","og_description":"POSEBNA AKCIJA! * Vsak novi naro\u010dnik va\u0161ega priljubljenega lokalnega \u010dasopisa prejme darilni bon trgovin JAGER, v vrednosti 20 evrov. * posebna akcija velja do podelitve vseh bonov. \u0160tevilo je omejeno.\u00a0","og_url":"https:\/\/novice.si\/page\/narocniska-akcija\/","og_site_name":"Novice.si","article_modified_time":"2026-03-14T07:07:02+00:00","og_image":[{"width":835,"height":314,"url":"https:\/\/novice.si\/page\/wp-content\/uploads\/2026\/03\/NOVI-narocniki-akcija-Jager-10-2026-SPLET-skupaj-835.jpg","type":"image\/jpeg"}],"twitter_card":"summary_large_image","twitter_misc":{"Est. reading time":"1 minuta"},"schema":{"@context":"https:\/\/schema.org","@graph":[{"@type":"WebPage","@id":"https:\/\/novice.si\/page\/narocniska-akcija\/","url":"https:\/\/novice.si\/page\/narocniska-akcija\/","name":"Da, naro\u010dam moj lokalni \u010dasopis - Novice.si","isPartOf":{"@id":"https:\/\/novice.si\/page\/#website"},"primaryImageOfPage":{"@id":"https:\/\/novice.si\/page\/narocniska-akcija\/#primaryimage"},"image":{"@id":"https:\/\/novice.si\/page\/narocniska-akcija\/#primaryimage"},"thumbnailUrl":"https:\/\/novice.si\/page\/wp-content\/uploads\/2026\/03\/NOVI-narocniki-akcija-Jager-10-2026-SPLET-skupaj-835.jpg","datePublished":"2023-03-24T04:35:16+00:00","dateModified":"2026-03-14T07:07:02+00:00","breadcrumb":{"@id":"https:\/\/novice.si\/page\/narocniska-akcija\/#breadcrumb"},"inLanguage":"sl-SI","potentialAction":[{"@type":"ReadAction","target":["https:\/\/novice.si\/page\/narocniska-akcija\/"]}]},{"@type":"ImageObject","inLanguage":"sl-SI","@id":"https:\/\/novice.si\/page\/narocniska-akcija\/#primaryimage","url":"https:\/\/novice.si\/page\/wp-content\/uploads\/2026\/03\/NOVI-narocniki-akcija-Jager-10-2026-SPLET-skupaj-835.jpg","contentUrl":"https:\/\/novice.si\/page\/wp-content\/uploads\/2026\/03\/NOVI-narocniki-akcija-Jager-10-2026-SPLET-skupaj-835.jpg","width":835,"height":314},{"@type":"BreadcrumbList","@id":"https:\/\/novice.si\/page\/narocniska-akcija\/#breadcrumb","itemListElement":[{"@type":"ListItem","position":1,"name":"Home","item":"https:\/\/novice.si\/page\/"},{"@type":"ListItem","position":2,"name":"Da, naro\u010dam moj lokalni \u010dasopis"}]},{"@type":"WebSite","@id":"https:\/\/novice.si\/page\/#website","url":"https:\/\/novice.si\/page\/","name":"Novice.si","description":"","publisher":{"@id":"https:\/\/novice.si\/page\/#organization"},"potentialAction":[{"@type":"SearchAction","target":{"@type":"EntryPoint","urlTemplate":"https:\/\/novice.si\/page\/?s={search_term_string}"},"query-input":{"@type":"PropertyValueSpecification","valueRequired":true,"valueName":"search_term_string"}}],"inLanguage":"sl-SI"},{"@type":"Organization","@id":"https:\/\/novice.si\/page\/#organization","name":"Novice.si","url":"https:\/\/novice.si\/page\/","logo":{"@type":"ImageObject","inLanguage":"sl-SI","@id":"https:\/\/novice.si\/page\/#\/schema\/logo\/image\/","url":"https:\/\/novice.si\/page\/wp-content\/uploads\/2023\/03\/novice_si.png","contentUrl":"https:\/\/novice.si\/page\/wp-content\/uploads\/2023\/03\/novice_si.png","width":576,"height":200,"caption":"Novice.si"},"image":{"@id":"https:\/\/novice.si\/page\/#\/schema\/logo\/image\/"}}]}},"_links":{"self":[{"href":"https:\/\/novice.si\/page\/wp-json\/wp\/v2\/pages\/161161","targetHints":{"allow":["GET"]}}],"collection":[{"href":"https:\/\/novice.si\/page\/wp-json\/wp\/v2\/pages"}],"about":[{"href":"https:\/\/novice.si\/page\/wp-json\/wp\/v2\/types\/page"}],"author":[{"embeddable":true,"href":"https:\/\/novice.si\/page\/wp-json\/wp\/v2\/users\/12"}],"replies":[{"embeddable":true,"href":"https:\/\/novice.si\/page\/wp-json\/wp\/v2\/comments?post=161161"}],"version-history":[{"count":18,"href":"https:\/\/novice.si\/page\/wp-json\/wp\/v2\/pages\/161161\/revisions"}],"predecessor-version":[{"id":199103,"href":"https:\/\/novice.si\/page\/wp-json\/wp\/v2\/pages\/161161\/revisions\/199103"}],"wp:attachment":[{"href":"https:\/\/novice.si\/page\/wp-json\/wp\/v2\/media?parent=161161"}],"curies":[{"name":"wp","href":"https:\/\/api.w.org\/{rel}","templated":true}]}}